{"id":88,"date":"2011-03-29T16:32:12","date_gmt":"2011-03-29T15:32:12","guid":{"rendered":"http:\/\/schloss.wascut.de\/?page_id=88"},"modified":"2019-08-18T16:50:05","modified_gmt":"2019-08-18T15:50:05","slug":"why-castle-klevenow","status":"publish","type":"page","link":"https:\/\/schloss.wascut.de\/?page_id=88","title":{"rendered":"Warum Schloss Klevenow?"},"content":{"rendered":"<p>Es gibt viele Verwendungsm\u00f6glichkeiten f\u00fcr Schloss Klevenow. Hier sind einige Vorschl\u00e4ge:<\/p>\n<p><strong>1. Als Familienwohnsitz<\/strong><\/p>\n<p>Es l\u00e4sst sich feudal leben in Klevenow. Richten Sie sich das Schloss so ein, dass es Ihren pers\u00f6nlichen Anspr\u00fcchen und Vorlieben entspricht. Es gibt im Moment zwei Vordereing\u00e4nge, einer f\u00fchrt in das obere<br \/>\nStockwerk, der andere Eingang in die unteren R\u00e4umlichkeiten. Die oberen R\u00e4ume sind zum gr\u00f6\u00dften Teil schon renoviert; man kann die Nutzung jedoch variieren. Die unteren R\u00e4ume, darunter die Eingangshalle, das gro\u00dfe Wohn- und separate Esszimmer, die vorgesehene riesige K\u00fcche, und die anderen R\u00e4ume k\u00f6nnen nach Belieben so ausgebaut und eingerichtet werden (z.B., Sauna, Billiard-zimmer, \u00dcbungsraum, Yogazimmer), dass sie Ihren W\u00fcnschen voll entsprechen. Die gro\u00dfe Wiese hinter dem Haus geht bis an die Trubel, einen Fluss, der hier seinen Anfang nimmt.<\/p>\n<p>Als Schlossbesitzer genie\u00dfen Sie automatisch ein hohes Ansehen in der gr\u00f6\u00dferen Gemeinde. Das Gymnasium in Grimmen ist nicht weit weg. Auch zur alten ehrw\u00fcrdigen Universit\u00e4t Greifswald sind es nur zwanzig Minuten Fahrzeit. Stralsund, Weltkulturerbe, ist ebenfalls in der selben Zeit erreichbar. Die Autobahnen nach Hamburg und Berlin sind nur wenige Minuten entfernt. Es gibt nat\u00fcrlich auch Zugverbindungen von Grimmen aus..<\/p>\n<p><strong>2. Als Investition<\/strong><\/p>\n<p>Richten Sie das Schloss als Hotel, Ferienwohnungen oder Wohnungen ein. Von Klevenow aus k\u00f6nnen G\u00e4ste in 20 bis 45 Minuten Insel R\u00fcgen, Darss-Zingst, Usedom, Stralsund, Greifswald und viele andere Tagesausflugsziele erreichen. Im Schlosspark, und im neu angelegten Obst- und Beerengarten, gibt es schattige Pl\u00e4tze zum Verweilen. Der Teich mit drei kleinen Inseln lockt Enten, St\u00f6rche und Kraniche an. Er k\u00f6nnte auch als Fischteich gestaltet werden.<\/p>\n<p>Ein Altersheim k\u00f6nnte im Schloss Klevenow gut eingerichtet werden. Die Pl\u00e4tze im Altersheim auf dem Gel\u00e4nde von Schloss Griebenow (auch in S\u00fcderholz) sind sehr begehrt und nur mit langen Wartezeiten zu bekommen.<\/p>\n<p>Das Ambiente in und um das Schloss w\u00e4re eine hervorragende Kulisse f\u00fcr ein Wellness-Center, Beauty Farm oder \u00e4hnliches. Die Mischung aus Ruhe, gepflegter Natur und alter Architektur beg\u00fcnstigt Erholung bei den Besuchern.<\/p>\n<p><strong>3. Als Firmensitz<\/strong><\/p>\n<p>Schloss Klevenow w\u00fcrde sich bestens als Konferenzzentrum eignen. Die Ruhe und Abgeschiedenheit des Schlosses l\u00e4dt zum Brain Storming ein. In der hiesigen Abgeschiedenheit k\u00f6nnen sie die Zukunft Ihres Unternehmens planen. Oder Sie k\u00f6nnten das Schloss als Trainings-Center nutzen. Ein Institut f\u00fcr Leadership Management Development oder Innovation w\u00e4re ebenfalls denkbar.<\/p>\n<p>Das sind nur einige M\u00f6glichkeiten, Schloss Klevenow zu nutzen. Mit Ihrer Vorstellungskraft, werden Sie die Frage \u201eWarum Schloss Klevenow?\u201c f\u00fcr sich beantworten!<\/p>\n","protected":false},"excerpt":{"rendered":"<p>Es gibt viele Verwendungsm\u00f6glichkeiten f\u00fcr Schloss Klevenow. Hier sind einige Vorschl\u00e4ge: 1. Als Familienwohnsitz Es l\u00e4sst sich feudal leben in Klevenow. Richten Sie sich das Schloss so ein, dass es Ihren pers\u00f6nlichen Anspr\u00fcchen und Vorlieben entspricht. Es gibt im Moment zwei Vordereing\u00e4nge, einer f\u00fchrt in das obere Stockwerk, der andere Eingang in die unteren R\u00e4umlichkeiten. [&hellip;]<\/p>\n","protected":false},"author":1,"featured_media":0,"parent":0,"menu_order":0,"comment_status":"closed","ping_status":"closed","template":"","meta":{"footnotes":""},"class_list":["post-88","page","type-page","status-publish","hentry"],"_links":{"self":[{"href":"https:\/\/schloss.wascut.de\/index.php?rest_route=\/wp\/v2\/pages\/88","targetHints":{"allow":["GET"]}}],"collection":[{"href":"https:\/\/schloss.wascut.de\/index.php?rest_route=\/wp\/v2\/pages"}],"about":[{"href":"https:\/\/schloss.wascut.de\/index.php?rest_route=\/wp\/v2\/types\/page"}],"author":[{"embeddable":true,"href":"https:\/\/schloss.wascut.de\/index.php?rest_route=\/wp\/v2\/users\/1"}],"replies":[{"embeddable":true,"href":"https:\/\/schloss.wascut.de\/index.php?rest_route=%2Fwp%2Fv2%2Fcomments&post=88"}],"version-history":[{"count":14,"href":"https:\/\/schloss.wascut.de\/index.php?rest_route=\/wp\/v2\/pages\/88\/revisions"}],"predecessor-version":[{"id":165,"href":"https:\/\/schloss.wascut.de\/index.php?rest_route=\/wp\/v2\/pages\/88\/revisions\/165"}],"wp:attachment":[{"href":"https:\/\/schloss.wascut.de\/index.php?rest_route=%2Fwp%2Fv2%2Fmedia&parent=88"}],"curies":[{"name":"wp","href":"https:\/\/api.w.org\/{rel}","templated":true}]}}