{"id":24,"date":"2008-11-22T13:41:27","date_gmt":"2008-11-22T12:41:27","guid":{"rendered":"http:\/\/schloss.wascut.de\/?page_id=24"},"modified":"2019-08-18T16:47:59","modified_gmt":"2019-08-18T15:47:59","slug":"die-region","status":"publish","type":"page","link":"https:\/\/schloss.wascut.de\/?page_id=24","title":{"rendered":"Die Umgebung"},"content":{"rendered":"<p><img decoding=\"async\" src=\"http:\/\/schloss.wascut.de\/images\/map1.jpg\" alt=\"Karte\" \/><\/p>\n<p>Schloss Klevenow liegt etwa einen Kilometer s\u00fcdlich der A20 Autobahnausfahrt &#8220;Gimmen-Ost&#8221;. Es ist teil der Gemeinde <a href=\"http:\/\/www.suederholz.de\/\" target=\"_blank\">S\u00fcderholz<\/a>. Die Kleinstadt <a href=\"http:\/\/www.grimmen.de\/\" target=\"_blank\">Grimmen<\/a> ist etwa vier Kilometer entfernt und bietet eine gro\u00dfe Auswahl an Lebensmittelgesch\u00e4ften und andere Attraktionen. Die wundersch\u00f6nen Hansest\u00e4dte <a href=\"http:\/\/www.stralsund.de\/\" target=\"_blank\">Straslund<\/a> und <a href=\"http:\/\/www.greifswald.de\/\" target=\"_blank\">Greifswald<\/a> sind in nur 20 Minuten mit dem Auto erreichbar.<\/p>\n<p>In der Umgebung befinden sich zahlreiche Ausflugsziele f\u00fcr Tagesreisen. Die Altstadt von Stralsund ist ein UNESCO Weltkulturerbe, und Greifswald steht dem in nichts nach. Gotische Backsteinarchitektur ist typisch in der Umgebung. Daher befinden sich zahlreiche dieser Bauwerke in Grimmen, Stralsund und Greifswald. Nat\u00fcrlich gibt es vielf\u00e4ltige Einkaufsm\u00f6glichkeiten, gem\u00fctliche Restaurants, schicke Caf\u00e9s und ein aktives und vielf\u00e4ltiges Nachtleben in den St\u00e4dten sowie einen gut ausgebauten Hafen (incl. <a href=\"http:\/\/pus-werften-gmbh.de\/\" target=\"_blank\">Werften<\/a>) in Stralsund. Ein weites Spektrum von Wassersportaktivit\u00e4ten werden in der Umgebung angeboten.<\/p>\n<p>Einige der beliebtesten und sch\u00f6nsten Ostseeinseln sind in 20 bis 45 Minuten Autofahrt zu erreichen. Die meist besuchte Insel Deutschlands, <a href=\"http:\/\/www.ruegen.de\/\" target=\"_blank\">R\u00fcgen<\/a>, liegt gegen\u00fcber von Stralsund. R\u00fcgen ist gro\u00df und die Landschaft sehr abwechslungsreich; Kreidefelsen, Pulversandstr\u00e4nde, Burgen und Schl\u00f6sser, Alleen und alte Ostseeb\u00e4der wie <a href=\"http:\/\/en.ostseebad-binz.de\/\" target=\"_blank\">Binz<\/a>) sind nur einige der vielen Attraktionen. <a href=\"http:\/\/www.hiddensee.de\/\" target=\"_blank\">Hiddensee<\/a> liegt vor R\u00fcgen und kann mit dem Schiff erreicht werden. es ist eine autofreie Insel, die mit Fahrrad oder zu Fu\u00df entdeckt werden kann. Hiddensee ist der sonnigste Ort Deutschlands! <a href=\"http:\/\/www.zingst.de\/\" target=\"_blank\">Dar\u00df\/Zingst<\/a> hat einen 60 Kilometer langen wei\u00dfen Pulversandstrand, der \u00fcber D\u00fcnen in Pinienw\u00e4lder \u00fcbergeht. Die Einheimischen halten diese Str\u00e4nde f\u00fcr die sch\u00f6nsten der Welt. <a href=\"http:\/\/www.usedom.de\/\" target=\"_blank\">Usedom<\/a>, die traditionelle Urlaubsinsel der Berliner vor dem 2. Weltkrieg, ist ebenfalls einen Ausflug wert. Die &#8220;<a href=\"http:\/\/www.drei-kaiserbaeder.de\/\" target=\"_blank\">drei Kaiserb\u00e4der<\/a>&#8221; dort sind hervorragend restaurierte Orte mit Jugendstilarchitektur.<\/p>\n<p>Traditionell leben die Menschen hier vom Tourismus, der Landwirtschaft und dem Fischfang. Diese unbelastete Umwelt biete Lebensraum f\u00fcr viele seltene Vogelarten, darunter Adler.<\/p>\n<p>Die Universit\u00e4tsstadt <a href=\"http:\/\/www.uni-greifswald.de\/\" target=\"_blank\">Greifswald<\/a> sowie die <a href=\"http:\/\/www.fh-stralsund.de\/\" target=\"_blank\">Fachhochschule Stralsund<\/a>, sind jeweils 20 Minuten Autofahrt entfernt. Die Universit\u00e4t von Greifswald ist eine der \u00e4ltesten Universit\u00e4ten Deutschlands und wurde 1456 gegr\u00fcndet; weniger als 100 Jahre NACH Schloss Klevenow! Sie bekommen einen weiteren Einblick in die Umgebung mit dem Internetfilm &#8220;<a href=\"mms:\/\/media.fh-stralsund.de\/fhmedia\/fh-film_de.wmv\" target=\"_blank\">Fachhochschule Stralsund DE<\/a>&#8221; auf deren Homepage.<\/p>\n<p>Es gibt viele Golfpl\u00e4tze in der Gegend. <a href=\"http:\/\/www.golfpark-strelasund.de\/\" target=\"_blank\">Golfpark Strelasund<\/a> ist nur wenige Autominuten von Schloss Klevenow entfernt.<\/p>\n","protected":false},"excerpt":{"rendered":"<p>Schloss Klevenow liegt etwa einen Kilometer s\u00fcdlich der A20 Autobahnausfahrt &#8220;Gimmen-Ost&#8221;. Es ist teil der Gemeinde S\u00fcderholz. Die Kleinstadt Grimmen ist etwa vier Kilometer entfernt und bietet eine gro\u00dfe Auswahl an Lebensmittelgesch\u00e4ften und andere Attraktionen. Die wundersch\u00f6nen Hansest\u00e4dte Straslund und Greifswald sind in nur 20 Minuten mit dem Auto erreichbar. In der Umgebung befinden sich [&hellip;]<\/p>\n","protected":false},"author":1,"featured_media":0,"parent":0,"menu_order":20,"comment_status":"closed","ping_status":"closed","template":"","meta":{"footnotes":""},"class_list":["post-24","page","type-page","status-publish","hentry"],"_links":{"self":[{"href":"https:\/\/schloss.wascut.de\/index.php?rest_route=\/wp\/v2\/pages\/24","targetHints":{"allow":["GET"]}}],"collection":[{"href":"https:\/\/schloss.wascut.de\/index.php?rest_route=\/wp\/v2\/pages"}],"about":[{"href":"https:\/\/schloss.wascut.de\/index.php?rest_route=\/wp\/v2\/types\/page"}],"author":[{"embeddable":true,"href":"https:\/\/schloss.wascut.de\/index.php?rest_route=\/wp\/v2\/users\/1"}],"replies":[{"embeddable":true,"href":"https:\/\/schloss.wascut.de\/index.php?rest_route=%2Fwp%2Fv2%2Fcomments&post=24"}],"version-history":[{"count":15,"href":"https:\/\/schloss.wascut.de\/index.php?rest_route=\/wp\/v2\/pages\/24\/revisions"}],"predecessor-version":[{"id":163,"href":"https:\/\/schloss.wascut.de\/index.php?rest_route=\/wp\/v2\/pages\/24\/revisions\/163"}],"wp:attachment":[{"href":"https:\/\/schloss.wascut.de\/index.php?rest_route=%2Fwp%2Fv2%2Fmedia&parent=24"}],"curies":[{"name":"wp","href":"https:\/\/api.w.org\/{rel}","templated":true}]}}