{"id":2,"date":"2008-11-19T17:02:40","date_gmt":"2008-11-19T22:02:40","guid":{"rendered":"http:\/\/schloss.wascut.de\/?page_id=2"},"modified":"2011-05-18T12:59:22","modified_gmt":"2011-05-18T11:59:22","slug":"about","status":"publish","type":"page","link":"https:\/\/schloss.wascut.de\/?page_id=2","title":{"rendered":"Grundriss und Flurplan"},"content":{"rendered":"<p>Wir haben die Teile des Schlosses renoviert, die wir nutzen, um angenehm hier wohnen zu k\u00f6nnen. Es gibt zwei fertige Wohnungen, die Eingangshalle und die Flure zwischen diesen Bereichen sind fertig gestellt. Daher sehen Sie zun\u00e4chst ausschlie\u00dflich renovierte Bereiche, bis Sie hinter verschlossene T\u00fcren schauen. Der n\u00e4chste Besitzer kann die anderen, entkernten Bereiche nach eigenen Bed\u00fcrfnissen gestalten. Wenn gew\u00fcnscht, stellen wir gern Kontakt zu Handwerkern, Baustoffhandel, usw. her. Wir k\u00f6nnen nach Wunsch die Umgestaltungsmassnahmen beaufsichtigen.<\/p>\n<p><strong>Obergeschoss<\/strong><\/p>\n<p><img decoding=\"async\" src=\"http:\/\/schloss.wascut.de\/images\/KLEW_OG_BIG.jpg\" ALT=\"Obergeschoss\"><\/p>\n<p>Die blauen Bereiche sind renoviert. Die graue Bereiche sind entkernt und teilrenoviert.<br \/>\nUm die Pl\u00e4ne zu vergr\u00f6\u00dfern, klicken Sie mit der rechten Maustaste auf das Bild und w\u00e4hlen Sie &#8220;Grafik speichern unter&#8230;&#8221;. Speichern Sie die Grafik auf Ihrer Festplatte und \u00f6ffnen Sie es mit einem Bildbearbeitungsprogramm.<\/p>\n<p><strong>Erdgeschoss<\/strong><\/p>\n<p><img decoding=\"async\" src=\"http:\/\/schloss.wascut.de\/images\/KLEW_EG_BIG.jpg\" ALT=\"Erdgeschoss\"><\/p>\n<p>Um die Pl\u00e4ne zu vergr\u00f6\u00dfern, klicken Sie mit der rechten Maustaste auf das Bild und w\u00e4hlen Sie &#8220;Grafik speichern unter&#8230;&#8221;. Speichern Sie die Grafik auf Ihrer Festplatte und \u00f6ffnen Sie es mit einem Bildbearbeitungsprogramm.<\/p>\n<p><strong>Das Grundst\u00fcck<\/strong><\/p>\n<p><img decoding=\"async\" src=\"http:\/\/schloss.wascut.de\/images\/Karte.png\" ALT=\"Das Grundst\u00fcck\"><\/p>\n<p>Die Karte oben zeigt Schloss Klevenow mit Grundst\u00fcck und einige Nachbargrundst\u00fccke. Zu Zeiten der DDR wurde der Park f\u00fcr eine Vielzahl von Zwecken genutzt. Aus dieser Zeit sind einige dieser Nachbarn und Einrichtungen geblieben: die evangelische Kirche k\u00fcmmert sich um die Kapelle (lila markiert), ein Nachbar nutzt den ehemaligen Pferdestall f\u00fcr Wohnzwecke (gelb), ein sch\u00f6n renovierter Kindergarten (gr\u00fcn) und ein Fu\u00dfballplatz mit Klubhaus (rot). Die gemeinsame Kopfsteinpflasterzufahrt ist rosa markiert, und die schwarze Linie ist eine wenig befahrene Stra\u00dfe durch Klevenow. Die Zufahrt, der Kindergarten und der Fu\u00dfballplatz geh\u00f6ren der Gemeinde. Alle zwei Wochen findet ein Fu\u00dfballspiel statt, zu dem nur wenige Zuschauer kommen. Das Training findet auf der anderen Stra\u00dfenseite statt, um den Platz zu schonen.<\/p>\n<p>Alle genannten Parteien haben in der Vergangenheit ein gewisses Interesse gezeigt, ihre Grundst\u00fccke an den Schlossbesitzer zu verkaufen. Die Denkmalsch\u00fctzbeh\u00f6rde wurde dies sehr begr\u00fc\u00dfen. Falls der neue Besitzer diese Grundst\u00fccke vereinigen m\u00f6chte, sollte er sich mit den Besitzern in Verbindung setzen. Bisher haben wir alle unsere Nachbarn als eine angenehme Bereicherung empfunden, und daher keinerlei Notwendigkeit zu einer Ver\u00e4nderung gesehen. Das Grundst\u00fcck ist gro\u00df genug f\u00fcr alle.<\/p>\n","protected":false},"excerpt":{"rendered":"<p>Wir haben die Teile des Schlosses renoviert, die wir nutzen, um angenehm hier wohnen zu k\u00f6nnen. Es gibt zwei fertige Wohnungen, die Eingangshalle und die Flure zwischen diesen Bereichen sind fertig gestellt. Daher sehen Sie zun\u00e4chst ausschlie\u00dflich renovierte Bereiche, bis Sie hinter verschlossene T\u00fcren schauen. Der n\u00e4chste Besitzer kann die anderen, entkernten Bereiche nach eigenen [&hellip;]<\/p>\n","protected":false},"author":1,"featured_media":0,"parent":0,"menu_order":5,"comment_status":"closed","ping_status":"closed","template":"","meta":{"footnotes":""},"class_list":["post-2","page","type-page","status-publish","hentry"],"_links":{"self":[{"href":"https:\/\/schloss.wascut.de\/index.php?rest_route=\/wp\/v2\/pages\/2","targetHints":{"allow":["GET"]}}],"collection":[{"href":"https:\/\/schloss.wascut.de\/index.php?rest_route=\/wp\/v2\/pages"}],"about":[{"href":"https:\/\/schloss.wascut.de\/index.php?rest_route=\/wp\/v2\/types\/page"}],"author":[{"embeddable":true,"href":"https:\/\/schloss.wascut.de\/index.php?rest_route=\/wp\/v2\/users\/1"}],"replies":[{"embeddable":true,"href":"https:\/\/schloss.wascut.de\/index.php?rest_route=%2Fwp%2Fv2%2Fcomments&post=2"}],"version-history":[{"count":24,"href":"https:\/\/schloss.wascut.de\/index.php?rest_route=\/wp\/v2\/pages\/2\/revisions"}],"predecessor-version":[{"id":69,"href":"https:\/\/schloss.wascut.de\/index.php?rest_route=\/wp\/v2\/pages\/2\/revisions\/69"}],"wp:attachment":[{"href":"https:\/\/schloss.wascut.de\/index.php?rest_route=%2Fwp%2Fv2%2Fmedia&parent=2"}],"curies":[{"name":"wp","href":"https:\/\/api.w.org\/{rel}","templated":true}]}}